{"id":2599,"date":"2024-05-24T08:40:09","date_gmt":"2024-05-24T06:40:09","guid":{"rendered":"https:\/\/jjpbiologics.com\/?page_id=2599"},"modified":"2024-05-28T10:43:38","modified_gmt":"2024-05-28T08:43:38","slug":"test","status":"publish","type":"page","link":"https:\/\/jjpbiologics.com\/pl\/test\/","title":{"rendered":"Test"},"content":{"rendered":"<h1 class=\"wp-block-heading\">Aktualno\u015bci<\/h1>\n\n\n<section class=\"latest-press-release\">\n    <div class=\"container\">\n        <h2>Latest press<\/h2>\n        \n        <div>\n                                        <!-- the loop -->\n                                    <a href=\"https:\/\/jjpbiologics.com\/pl\/zapytanie-z-dnia-16-03-2026\/\" title=\"Id\u0119 do artyku\u0142u\" class=\"articles__box\">\n                        <div class=\"articles__box-title\">\n                            <h3>Zapytanie z dnia 16\/03\/2026<\/h3>\n                            <p><p>2603_T02_DLY_01 Medical\/technical writing services W zwi\u0105zku z realizacj\u0105 projektu rozwoju kandydata na lek o tytule \u201e\u201cDevelopment of first-in-class antibody therapy&hellip;<\/p>\n<\/p>\n                            <p>2026-03-16<\/p>\n                            <p class=\"articles__btn\">Read More<\/p>\n                        <\/div>\n                    <\/a>\n                                                     <\/div>\n    <\/div>\n<\/section>\n\n<section class=\"more-press\">\n    <div class=\"\">\n        <div class=\"flex\">\n            <div class=\"more-press__newsletter\">\n                        <section class=\"elementor-section elementor-top-section elementor-element elementor-element-2bcc2b37 elementor-section-stretched scheme_dark elementor-section-boxed elementor-section-height-default elementor-section-height-default\" data-id=\"2bcc2b37\" data-element_type=\"section\" data-settings=\"{&quot;stretch_section&quot;:&quot;section-stretched&quot;,&quot;background_background&quot;:&quot;classic&quot;}\" style=\"background-color:#29C9BA;padding:20px;\">\n                                        <div class=\"elementor-container elementor-column-gap-extended\">\n                                            <div class=\"\">\n                                    <div class=\"elementor-column elementor-col-100 elementor-top-column elementor-element elementor-element-6905339 sc_inner_width_none sc_layouts_column_icons_position_left\" data-id=\"6905339\" data-element_type=\"column\" data-settings=\"{&quot;animation_mobile&quot;:&quot;none&quot;}\">\n                            <div class=\"elementor-column-wrap elementor-element-populated\">\n                                            <div class=\"elementor-widget-wrap\">\n                                        <div class=\"elementor-element elementor-element-7911a1c elementor-widget elementor-widget-spacer\" data-id=\"7911a1c\" data-element_type=\"widget\" data-widget_type=\"spacer.default\">\n                                <div class=\"elementor-widget-container\">\n                                    <div class=\"elementor-spacer\">\n                            <div class=\"elementor-spacer-inner\"><\/div>\n                        <\/div>\n                                <\/div>\n                                <\/div>\n                                <section class=\"elementor-section elementor-inner-section elementor-element elementor-element-6ee2198 elementor-section-content-middle elementor-section-boxed elementor-section-height-default elementor-section-height-default animated fadeIn\" data-id=\"6ee2198\" data-element_type=\"section\" data-settings=\"{&quot;animation&quot;:&quot;fadeIn&quot;,&quot;animation_delay&quot;:100}\">\n                                        <div class=\"elementor-container elementor-column-gap-no\">\n                                            <div class=\"\">\n                                    <div class=\"elementor-column elementor-col-50 elementor-inner-column elementor-element elementor-element-7713613 sc_inner_width_none sc_layouts_column_icons_position_left\" data-id=\"7713613\" data-element_type=\"column\" style=\"width:100%;\">\n                            <div class=\"elementor-column-wrap elementor-element-populated\">\n                                            <div class=\"elementor-widget-wrap\">\n                                        <div class=\"elementor-element elementor-element-63db4df elementor-widget elementor-widget-trx_sc_title\" data-id=\"63db4df\" data-element_type=\"widget\" data-widget_type=\"trx_sc_title.default\">\n                                <div class=\"elementor-widget-container\">\n                            <div id=\"trx_sc_title_894240828\" class=\"sc_title sc_title_extra\"><h6 class=\"sc_item_subtitle sc_title_subtitle sc_align_none sc_item_title_style_extra\">Subskrybuj<\/h6><h2 class=\"sc_item_title sc_title_title sc_align_none sc_item_title_style_extra sc_item_title_tag\">Subskrybuj <br> Otrzymuj naj\u015bwie\u017csze informacje<\/h2><div class=\"sc_item_descr sc_title_descr sc_align_none\"><p>Zapisz si\u0119, aby regularnie otrzymywa\u0107 naj\u015bwie\u017csze informacje<\/p>\n                <\/div><\/div><!-- \/.sc_title -->\t\t<\/div>\n                                <\/div>\n                                <div class=\"elementor-element elementor-element-971d451 sc_layouts_hide_on_wide sc_layouts_hide_on_desktop sc_layouts_hide_on_notebook sc_layouts_hide_on_tablet elementor-widget elementor-widget-spacer\" data-id=\"971d451\" data-element_type=\"widget\" data-widget_type=\"spacer.default\">\n                                <div class=\"elementor-widget-container\">\n                                    <div class=\"elementor-spacer\">\n                            <div class=\"elementor-spacer-inner\"><\/div>\n                        <\/div>\n                                <\/div>\n                                <\/div>\n                                        <\/div>\n                                    <\/div>\n                        <\/div>\n                                <div class=\"elementor-column elementor-col-50 elementor-inner-column elementor-element elementor-element-4fb4c31 sc_inner_width_none sc_layouts_column_icons_position_left\" data-id=\"4fb4c31\" data-element_type=\"column\" style=\"width:100%;\">\n                            <div class=\"elementor-column-wrap elementor-element-populated\">\n                                            <div class=\"elementor-widget-wrap\">\n                                        <div class=\"elementor-element elementor-element-25d6c22 elementor-widget elementor-widget-shortcode\" data-id=\"25d6c22\" data-element_type=\"widget\" data-widget_type=\"shortcode.default\">\n                                <div class=\"elementor-widget-container\">\n                                    <div class=\"elementor-shortcode\"><script>(function() {\n                    window.mc4wp = window.mc4wp || {\n                        listeners: [],\n                        forms: {\n                            on: function(evt, cb) {\n                                window.mc4wp.listeners.push(\n                                    {\n                                        event   : evt,\n                                        callback: cb\n                                    }\n                                );\n                            }\n                        }\n                    }\n                })();\n                <\/script><!-- Mailchimp for WordPress v4.9.10 - https:\/\/wordpress.org\/plugins\/mailchimp-for-wp\/ --><form id=\"mc4wp-form-1\" class=\"mc4wp-form mc4wp-form-809\" method=\"post\" data-id=\"809\" data-name=\"Main Form\" action=\"\"><div class=\"mc4wp-form-fields\"><div class=\"mc4wp-form-fields_wrapper\">\t\n                    <input type=\"email\" name=\"EMAIL\" placeholder=\"Adres email\" required=\"\" class=\"fill_inited\">\n                    <input type=\"submit\" value=\"Subskrybuj\">\n                <\/div>\n                <input id=\"mcwp_agree\" name=\"AGREE_TO_TERMS\" value=\"1\" required=\"\" type=\"checkbox\"><label for=\"mcwp_agree\">Wyra\u017cam zgod\u0119 na gromadzenie i przechowywanie przes\u0142anych przeze mnie danych.<\/label>\n                <\/div><label style=\"display: none !important;\">Leave this field empty if you&#8217;re human: <input type=\"text\" name=\"_mc4wp_honeypot\" value=\"\" tabindex=\"-1\" autocomplete=\"off\" class=\"fill_inited\"><\/label><input type=\"hidden\" name=\"_mc4wp_timestamp\" value=\"1716464004\"><input type=\"hidden\" name=\"_mc4wp_form_id\" value=\"809\"><input type=\"hidden\" name=\"_mc4wp_form_element_id\" value=\"mc4wp-form-1\"><div class=\"mc4wp-response\"><\/div><input type=\"hidden\" name=\"trp-form-language\" value=\"pl\"\/><\/form><!-- \/ Mailchimp for WordPress Plugin --><\/div>\n                                <\/div>\n                                <\/div>\n                                        <\/div>\n                                    <\/div>\n                        <\/div>\n                                                <\/div>\n                                    <\/div>\n                        <\/section>\n                                <div class=\"elementor-element elementor-element-1845183 elementor-widget elementor-widget-spacer\" data-id=\"1845183\" data-element_type=\"widget\" data-widget_type=\"spacer.default\">\n                                <div class=\"elementor-widget-container\">\n                                    <div class=\"elementor-spacer\">\n                            <div class=\"elementor-spacer-inner\"><\/div>\n                        <\/div>\n                                <\/div>\n                                <\/div>\n                                        <\/div>\n                                    <\/div>\n                        <\/div>\n                                                <\/div>\n                                    <\/div>\n                        <\/section>\n            <\/div>\n            <div class=\"more-press__press\">\n                <h2>Press releases<\/h2>\n                <div class=\"posts-list\" id=\"myWeb\">\n                                                                <!-- the loop -->\n                                                    <div class=\"articles__box item\">\n                                <div class=\"articles__box-title\">\n                                    <div>\n                                        <p><\/p>\n                                        <h3>Zapytanie z dnia 16\/03\/2026<\/h3>\n                                        <a href=\"https:\/\/jjpbiologics.com\/pl\/zapytanie-z-dnia-16-03-2026\/\">Read more<\/a>\n                                    <\/div>\n                                    <a href=\"\" title=\"Download pdf file\" target=\"_blank\"><img decoding=\"async\" src=\"\/wp-content\/uploads\/2024\/05\/Icon_pdf_file.png\"><\/a>\n                                <\/div>\n                            <\/div>\n                                                    <div class=\"articles__box item\">\n                                <div class=\"articles__box-title\">\n                                    <div>\n                                        <p>2026-02-16<\/p>\n                                        <h3>Zapytanie z dnia 16\/02\/2026<\/h3>\n                                        <a href=\"https:\/\/jjpbiologics.com\/pl\/zapytanie-z-dnia-16-02-2026-2\/\">Read more<\/a>\n                                    <\/div>\n                                    <a href=\"\" title=\"Download pdf file\" target=\"_blank\"><img decoding=\"async\" src=\"\/wp-content\/uploads\/2024\/05\/Icon_pdf_file.png\"><\/a>\n                                <\/div>\n                            <\/div>\n                                                    <div class=\"articles__box item\">\n                                <div class=\"articles__box-title\">\n                                    <div>\n                                        <p><\/p>\n                                        <h3>Zapytanie z dnia 16\/02\/2026<\/h3>\n                                        <a href=\"https:\/\/jjpbiologics.com\/pl\/zapytanie-z-dnia-16-02-2026-1\/\">Read more<\/a>\n                                    <\/div>\n                                    <a href=\"\" title=\"Download pdf file\" target=\"_blank\"><img decoding=\"async\" src=\"\/wp-content\/uploads\/2024\/05\/Icon_pdf_file.png\"><\/a>\n                                <\/div>\n                            <\/div>\n                                                    <div class=\"articles__box item\">\n                                <div class=\"articles__box-title\">\n                                    <div>\n                                        <p>2026-01-23<\/p>\n                                        <h3>Zapytanie z dnia 23\/01\/2026<\/h3>\n                                        <a href=\"https:\/\/jjpbiologics.com\/pl\/zapytanie-z-dnia-23-01-2026-3\/\">Read more<\/a>\n                                    <\/div>\n                                    <a href=\"\" title=\"Download pdf file\" target=\"_blank\"><img decoding=\"async\" src=\"\/wp-content\/uploads\/2024\/05\/Icon_pdf_file.png\"><\/a>\n                                <\/div>\n                            <\/div>\n                                                    <div class=\"articles__box item\">\n                                <div class=\"articles__box-title\">\n                                    <div>\n                                        <p><\/p>\n                                        <h3>Zapytanie z dnia 23\/01\/2026<\/h3>\n                                        <a href=\"https:\/\/jjpbiologics.com\/pl\/zapytanie-z-dnia-23-01-2026-2\/\">Read more<\/a>\n                                    <\/div>\n                                    <a href=\"\" title=\"Download pdf file\" target=\"_blank\"><img decoding=\"async\" src=\"\/wp-content\/uploads\/2024\/05\/Icon_pdf_file.png\"><\/a>\n                                <\/div>\n                            <\/div>\n                                                    <div class=\"articles__box item\">\n                                <div class=\"articles__box-title\">\n                                    <div>\n                                        <p><\/p>\n                                        <h3>Zapytanie z dnia 23\/01\/2026<\/h3>\n                                        <a href=\"https:\/\/jjpbiologics.com\/pl\/zapytanie-z-dnia-23-01-2026-1\/\">Read more<\/a>\n                                    <\/div>\n                                    <a href=\"\" title=\"Download pdf file\" target=\"_blank\"><img decoding=\"async\" src=\"\/wp-content\/uploads\/2024\/05\/Icon_pdf_file.png\"><\/a>\n                                <\/div>\n                            <\/div>\n                                                    <div class=\"articles__box item\">\n                                <div class=\"articles__box-title\">\n                                    <div>\n                                        <p>2026-01-20<\/p>\n                                        <h3>Zapytanie z dnia 20\/01\/2026<\/h3>\n                                        <a href=\"https:\/\/jjpbiologics.com\/pl\/zapytanie-z-dnia-20-01-2026-1\/\">Read more<\/a>\n                                    <\/div>\n                                    <a href=\"\" title=\"Download pdf file\" target=\"_blank\"><img decoding=\"async\" src=\"\/wp-content\/uploads\/2024\/05\/Icon_pdf_file.png\"><\/a>\n                                <\/div>\n                            <\/div>\n                                                    <div class=\"articles__box item\">\n                                <div class=\"articles__box-title\">\n                                    <div>\n                                        <p>2025-12-05<\/p>\n                                        <h3>Zapytanie z dnia 05\/12\/2025<\/h3>\n                                        <a href=\"https:\/\/jjpbiologics.com\/pl\/zapytanie-z-dnia-05-12-2025\/\">Read more<\/a>\n                                    <\/div>\n                                    <a href=\"\" title=\"Download pdf file\" target=\"_blank\"><img decoding=\"async\" src=\"\/wp-content\/uploads\/2024\/05\/Icon_pdf_file.png\"><\/a>\n                                <\/div>\n                            <\/div>\n                                                    <div class=\"articles__box item\">\n                                <div class=\"articles__box-title\">\n                                    <div>\n                                        <p>2025-11-27<\/p>\n                                        <h3>Zapytanie z dnia 27\/11\/2025<\/h3>\n                                        <a href=\"https:\/\/jjpbiologics.com\/pl\/zapytanie-z-dnia-27-11-2025-1\/\">Read more<\/a>\n                                    <\/div>\n                                    <a href=\"\" title=\"Download pdf file\" target=\"_blank\"><img decoding=\"async\" src=\"\/wp-content\/uploads\/2024\/05\/Icon_pdf_file.png\"><\/a>\n                                <\/div>\n                            <\/div>\n                                                    <div class=\"articles__box item\">\n                                <div class=\"articles__box-title\">\n                                    <div>\n                                        <p>2025-11-21<\/p>\n                                        <h3>Zapytanie z dnia 21\/11\/2025<\/h3>\n                                        <a href=\"https:\/\/jjpbiologics.com\/pl\/zapytanie-z-dnia-21-11-2025\/\">Read more<\/a>\n                                    <\/div>\n                                    <a href=\"\" title=\"Download pdf file\" target=\"_blank\"><img decoding=\"async\" src=\"\/wp-content\/uploads\/2024\/05\/Icon_pdf_file.png\"><\/a>\n                                <\/div>\n                            <\/div>\n                                                                                    <\/div>\n                <div class=\"controls\">\n                    <div>\n                        <a href=\"\" class=\"load-more\">More Press releases<\/a>\n                    <\/div>\n                    <div class=\"controls__search\">\n                        <input class=\"form-control\" id=\"txtInputAnything\" type=\"text\" placeholder=\"Type keywords\">\n                        <img decoding=\"async\" src=\"\/wp-content\/uploads\/2024\/05\/magnify_gray.svg\" alt=\"Magnifier\"\/>\n                    <\/div>\n                <\/div>\n            <\/div>\n        <\/div>\n    <\/div>\n<\/section>\n\n<script>\n\n$( document ).ready(function() {\n\n    $(\"#txtInputAnything\").on(\"keyup\", function () {\n\t\tvar value = $(this).val().toLowerCase();\n\t\t$('.load-more').hide();\n\t\t$(\"#myWeb .item\").filter(function () {\n\t\t\t$(this).toggle($(this).text()\n\t\t\t  .toLowerCase().indexOf(value) > -1)\n\t\t});\n\t});\n\n    $(function () {\n            $(\".item\").slice(0, 4).show();\n            $(\"body\").on('click touchstart', '.load-more', function (e) {\n                e.preventDefault();\n                $(\".item:hidden\").slice(0, 4).slideDown();\n                    if ($(\".item:hidden\").length == 0) {\n                        $(\".load-more\").css('visibility', 'hidden');\n                    }\n            });\n    });\n});\n<\/script>\n\n\n<div class='sk-ww-linkedin-page-post' data-embed-id='25356559'><\/div><script src='https:\/\/widgets.sociablekit.com\/linkedin-page-posts\/widget.js' async defer><\/script>\n\n\n\n<div class=\"wp-block-buttons is-layout-flex wp-block-buttons-is-layout-flex\">\n<div class=\"wp-block-button is-style-fill\"><a class=\"wp-block-button__link has-background wp-element-button\" href=\"https:\/\/jjpbiologics.com\/pl\/newsroom\/\" style=\"background-color:#29c9ba\">Back to newsroom<\/a><\/div>\n<\/div>","protected":false},"excerpt":{"rendered":"<p>Aktualno\u015bci<\/p>","protected":false},"author":990004,"featured_media":0,"parent":0,"menu_order":0,"comment_status":"closed","ping_status":"closed","template":"","meta":{"_acf_changed":false,"footnotes":""},"class_list":["post-2599","page","type-page","status-publish","hentry"],"acf":[],"yoast_head":"<!-- This site is optimized with the Yoast SEO plugin v21.7 - https:\/\/yoast.com\/wordpress\/plugins\/seo\/ -->\n<title>Test - JJP Biologics<\/title>\n<meta name=\"robots\" content=\"index, follow, max-snippet:-1, max-image-preview:large, max-video-preview:-1\" \/>\n<link rel=\"canonical\" href=\"https:\/\/jjpbiologics.com\/pl\/test\/\" \/>\n<meta property=\"og:locale\" content=\"pl_PL\" \/>\n<meta property=\"og:type\" content=\"article\" \/>\n<meta property=\"og:title\" content=\"Test - JJP Biologics\" \/>\n<meta property=\"og:description\" content=\"Newsroom\" \/>\n<meta property=\"og:url\" content=\"https:\/\/jjpbiologics.com\/pl\/test\/\" \/>\n<meta property=\"og:site_name\" content=\"JJP Biologics\" \/>\n<meta property=\"article:modified_time\" content=\"2024-05-28T08:43:38+00:00\" \/>\n<meta name=\"twitter:card\" content=\"summary_large_image\" \/>\n<meta name=\"twitter:label1\" content=\"Szacowany czas czytania\" \/>\n\t<meta name=\"twitter:data1\" content=\"1 minuta\" \/>\n<script type=\"application\/ld+json\" class=\"yoast-schema-graph\">{\"@context\":\"https:\/\/schema.org\",\"@graph\":[{\"@type\":\"WebPage\",\"@id\":\"https:\/\/jjpbiologics.com\/test\/\",\"url\":\"https:\/\/jjpbiologics.com\/test\/\",\"name\":\"Test - JJP Biologics\",\"isPartOf\":{\"@id\":\"https:\/\/jjpbiologics.com\/#website\"},\"datePublished\":\"2024-05-24T06:40:09+00:00\",\"dateModified\":\"2024-05-28T08:43:38+00:00\",\"breadcrumb\":{\"@id\":\"https:\/\/jjpbiologics.com\/test\/#breadcrumb\"},\"inLanguage\":\"pl-PL\",\"potentialAction\":[{\"@type\":\"ReadAction\",\"target\":[\"https:\/\/jjpbiologics.com\/test\/\"]}]},{\"@type\":\"BreadcrumbList\",\"@id\":\"https:\/\/jjpbiologics.com\/test\/#breadcrumb\",\"itemListElement\":[{\"@type\":\"ListItem\",\"position\":1,\"name\":\"Home\",\"item\":\"https:\/\/jjpbiologics.com\/\"},{\"@type\":\"ListItem\",\"position\":2,\"name\":\"Test\"}]},{\"@type\":\"WebSite\",\"@id\":\"https:\/\/jjpbiologics.com\/#website\",\"url\":\"https:\/\/jjpbiologics.com\/\",\"name\":\"JJP Biologics\",\"description\":\"Innovative and revolutionary biologics\",\"publisher\":{\"@id\":\"https:\/\/jjpbiologics.com\/#organization\"},\"potentialAction\":[{\"@type\":\"SearchAction\",\"target\":{\"@type\":\"EntryPoint\",\"urlTemplate\":\"https:\/\/jjpbiologics.com\/?s={search_term_string}\"},\"query-input\":\"required name=search_term_string\"}],\"inLanguage\":\"pl-PL\"},{\"@type\":\"Organization\",\"@id\":\"https:\/\/jjpbiologics.com\/#organization\",\"name\":\"JJP Biologics\",\"url\":\"https:\/\/jjpbiologics.com\/\",\"logo\":{\"@type\":\"ImageObject\",\"inLanguage\":\"pl-PL\",\"@id\":\"https:\/\/jjpbiologics.com\/#\/schema\/logo\/image\/\",\"url\":\"https:\/\/jjpbiologics.com\/wp-content\/uploads\/2021\/06\/cropped-Artboard-31.png\",\"contentUrl\":\"https:\/\/jjpbiologics.com\/wp-content\/uploads\/2021\/06\/cropped-Artboard-31.png\",\"width\":1000,\"height\":567,\"caption\":\"JJP Biologics\"},\"image\":{\"@id\":\"https:\/\/jjpbiologics.com\/#\/schema\/logo\/image\/\"}}]}<\/script>\n<!-- \/ Yoast SEO plugin. -->","yoast_head_json":{"title":"Test - JJP Biologics","robots":{"index":"index","follow":"follow","max-snippet":"max-snippet:-1","max-image-preview":"max-image-preview:large","max-video-preview":"max-video-preview:-1"},"canonical":"https:\/\/jjpbiologics.com\/pl\/test\/","og_locale":"pl_PL","og_type":"article","og_title":"Test - JJP Biologics","og_description":"Newsroom","og_url":"https:\/\/jjpbiologics.com\/pl\/test\/","og_site_name":"JJP Biologics","article_modified_time":"2024-05-28T08:43:38+00:00","twitter_card":"summary_large_image","twitter_misc":{"Szacowany czas czytania":"1 minuta"},"schema":{"@context":"https:\/\/schema.org","@graph":[{"@type":"WebPage","@id":"https:\/\/jjpbiologics.com\/test\/","url":"https:\/\/jjpbiologics.com\/test\/","name":"Test - JJP Biologics","isPartOf":{"@id":"https:\/\/jjpbiologics.com\/#website"},"datePublished":"2024-05-24T06:40:09+00:00","dateModified":"2024-05-28T08:43:38+00:00","breadcrumb":{"@id":"https:\/\/jjpbiologics.com\/test\/#breadcrumb"},"inLanguage":"pl-PL","potentialAction":[{"@type":"ReadAction","target":["https:\/\/jjpbiologics.com\/test\/"]}]},{"@type":"BreadcrumbList","@id":"https:\/\/jjpbiologics.com\/test\/#breadcrumb","itemListElement":[{"@type":"ListItem","position":1,"name":"Home","item":"https:\/\/jjpbiologics.com\/"},{"@type":"ListItem","position":2,"name":"Test"}]},{"@type":"WebSite","@id":"https:\/\/jjpbiologics.com\/#website","url":"https:\/\/jjpbiologics.com\/","name":"JJP Biologics","description":"Innovative and revolutionary biologics","publisher":{"@id":"https:\/\/jjpbiologics.com\/#organization"},"potentialAction":[{"@type":"SearchAction","target":{"@type":"EntryPoint","urlTemplate":"https:\/\/jjpbiologics.com\/?s={search_term_string}"},"query-input":"required name=search_term_string"}],"inLanguage":"pl-PL"},{"@type":"Organization","@id":"https:\/\/jjpbiologics.com\/#organization","name":"JJP Biologics","url":"https:\/\/jjpbiologics.com\/","logo":{"@type":"ImageObject","inLanguage":"pl-PL","@id":"https:\/\/jjpbiologics.com\/#\/schema\/logo\/image\/","url":"https:\/\/jjpbiologics.com\/wp-content\/uploads\/2021\/06\/cropped-Artboard-31.png","contentUrl":"https:\/\/jjpbiologics.com\/wp-content\/uploads\/2021\/06\/cropped-Artboard-31.png","width":1000,"height":567,"caption":"JJP Biologics"},"image":{"@id":"https:\/\/jjpbiologics.com\/#\/schema\/logo\/image\/"}}]}},"_links":{"self":[{"href":"https:\/\/jjpbiologics.com\/pl\/wp-json\/wp\/v2\/pages\/2599","targetHints":{"allow":["GET"]}}],"collection":[{"href":"https:\/\/jjpbiologics.com\/pl\/wp-json\/wp\/v2\/pages"}],"about":[{"href":"https:\/\/jjpbiologics.com\/pl\/wp-json\/wp\/v2\/types\/page"}],"author":[{"embeddable":true,"href":"https:\/\/jjpbiologics.com\/pl\/wp-json\/wp\/v2\/users\/990004"}],"replies":[{"embeddable":true,"href":"https:\/\/jjpbiologics.com\/pl\/wp-json\/wp\/v2\/comments?post=2599"}],"version-history":[{"count":0,"href":"https:\/\/jjpbiologics.com\/pl\/wp-json\/wp\/v2\/pages\/2599\/revisions"}],"wp:attachment":[{"href":"https:\/\/jjpbiologics.com\/pl\/wp-json\/wp\/v2\/media?parent=2599"}],"curies":[{"name":"wp","href":"https:\/\/api.w.org\/{rel}","templated":true}]}}