{"id":2524,"date":"2024-01-30T16:18:13","date_gmt":"2024-01-30T14:18:13","guid":{"rendered":"https:\/\/jjpbiologics.com\/?page_id=2524"},"modified":"2024-11-18T12:31:32","modified_gmt":"2024-11-18T10:31:32","slug":"newsroom","status":"publish","type":"page","link":"https:\/\/jjpbiologics.com\/pl\/newsroom\/","title":{"rendered":"Aktualno\u015bci"},"content":{"rendered":"<h2 class=\"wp-block-heading has-text-color has-link-color has-large-font-size wp-elements-7aa180ad2f899d020e8b299fd07d092c\" style=\"color:#000a55\"><strong><mark style=\"background-color:rgba(0, 0, 0, 0);color:#000a55\" class=\"has-inline-color\">KOMUNIKATY PRASOWE<\/mark><\/strong><\/h2>\n\n\n<div  class=\"wp-block-ultimate-post-post-list-1 ultp-block-8f49ea\"><div class=\"ultp-block-wrapper\"><div class=\"ultp-loading\"><div class=\"ultp-loading-blocks\" style=\"width:100%;height:100%;\"><div style=\"left: 0;top: 0;animation-delay:0s;\"><\/div><div style=\"left: 21px;top: 0;animation-delay:0.125s;\"><\/div><div style=\"left: 42px;top: 0;animation-delay:0.25s;\"><\/div><div style=\"left: 0;top: 21px;animation-delay:0.875s;\"><\/div><div style=\"left: 42px;top: 21px;animation-delay:0.375s;\"><\/div><div style=\"left: 0;top: 42px;animation-delay:0.75s;\"><\/div><div style=\"left: 42px;top: 42px;animation-delay:0.625s;\"><\/div><div style=\"left: 21px;top: 42px;animation-delay:0.5s;\"><\/div><\/div><\/div><div class=\"ultp-heading-filter\"><div class=\"ultp-heading-filter-in\"><div class=\"ultp-heading-wrap ultp-heading-style1 ultp-heading-left\"><h1 class=\"ultp-heading-inner\"><span><\/span><\/h1><\/div><div class=\"ultp-filter-navigation\"><\/div><\/div><\/div><div class=\"ultp-block-items-wrap ultp-block-row ultp-block-column-3 ultp-pl1a-style1 ultp-post-list1-layout1\"><div class=\"ultp-block-item post-id-2851\"><div class=\"ultp-block-content-wrap\"><div class=\"ultp-block-entry-content\"><div class=\"ultp-block-entry-heading\"><div class=\"ultp-category-grid ultp-category-classic ultp-category-aboveTitle\"><div class=\"ultp-category-in\"><\/div><\/div><h1 class=\"ultp-block-title\"><a href=\"https:\/\/jjpbiologics.com\/pl\/services\/jjp-biologics-obtains-positive-in-vivo-preclinical-melanoma-data-and-continues-development-of-jjp-1008-a-first-in-class-anti-cd270-checkpoint-inhibitor\/\" >Firma JJP Biologics uzyska\u0142a pozytywne dane przedkliniczne in vivo dla czerniaka i kontynuuje rozw\u00f3j JJP-1008, pierwszego w swojej klasie inhibitora punktu kontrolnego anty-CD270.<\/a><\/h1><\/div><\/div><div class=\"ultp-block-content\"><div class=\"ultp-block-excerpt\"><p>JJP Biologics confirms the mechanism of action and immunostimulatory activity of JJP-1008, a potential first-in-class therapeutic anti-CD270 monoclonal antibody. JJP-1008 selectively inhibits the immunosuppressive activity&hellip;<\/p>\n<\/div><div class=\"ultp-block-readmore\"><a aria-label=\"Firma JJP Biologics uzyska\u0142a pozytywne dane przedkliniczne in vivo dla czerniaka i kontynuuje rozw\u00f3j JJP-1008, pierwszego w swojej klasie inhibitora punktu kontrolnego anty-CD270.\" href=\"https:\/\/jjpbiologics.com\/pl\/services\/jjp-biologics-obtains-positive-in-vivo-preclinical-melanoma-data-and-continues-development-of-jjp-1008-a-first-in-class-anti-cd270-checkpoint-inhibitor\/\" >Read More<\/a><\/div><\/div><\/div><\/div><div class=\"ultp-block-item post-id-2738\"><div class=\"ultp-block-content-wrap\"><div class=\"ultp-block-entry-content\"><div class=\"ultp-block-entry-heading\"><div class=\"ultp-category-grid ultp-category-classic ultp-category-aboveTitle\"><div class=\"ultp-category-in\"><\/div><\/div><h1 class=\"ultp-block-title\"><a href=\"https:\/\/jjpbiologics.com\/pl\/services\/jjjp-biologics-announces-initiation-of-the-multiple-ascending-dose-mad-part-of-its-phase-i-clinical-trial-for-jjp-1212\/\" >JJP Biologics announces initiation of the Multiple Ascending Dose (MAD) part of its Phase I Clinical Trial for JJP-1212<\/a><\/h1><\/div><\/div><div class=\"ultp-block-content\"><div class=\"ultp-block-excerpt\"><p>JJP Biologics announces the start of the MAD part in the ongoing Phase I Clinical Trial of a new investigational medicinal product JJP-1212, a first-in-class&hellip;<\/p>\n<\/div><div class=\"ultp-block-readmore\"><a aria-label=\"JJP Biologics announces initiation of the Multiple Ascending Dose (MAD) part of its Phase I Clinical Trial for JJP-1212\" href=\"https:\/\/jjpbiologics.com\/pl\/services\/jjjp-biologics-announces-initiation-of-the-multiple-ascending-dose-mad-part-of-its-phase-i-clinical-trial-for-jjp-1212\/\" >Read More<\/a><\/div><\/div><\/div><\/div><div class=\"ultp-block-item post-id-2671\"><div class=\"ultp-block-content-wrap\"><div class=\"ultp-block-entry-content\"><div class=\"ultp-block-entry-heading\"><div class=\"ultp-category-grid ultp-category-classic ultp-category-aboveTitle\"><div class=\"ultp-category-in\"><\/div><\/div><h1 class=\"ultp-block-title\"><a href=\"https:\/\/jjpbiologics.com\/pl\/services\/jjp-biologics-announces-initiation-of-the-development-of-an-active-substance-drug-product-manufacturing-process-for-a-first-in-class-anti-cd270-monoclonal-antibody-jjp-1008\/\" >JJP Biologics announces initiation of the development of an active substance &#038; drug product manufacturing process for a first-in-class anti-CD270 monoclonal antibody&hellip;<\/a><\/h1><\/div><\/div><div class=\"ultp-block-content\"><div class=\"ultp-block-excerpt\"><p>JJP Biologics announces initiation of the development of an active substance &amp; drug product manufacturing process for a first-in-class anti-CD270 monoclonal antibody (JJP-1008) aimed at&hellip;<\/p>\n<\/div><div class=\"ultp-block-readmore\"><a aria-label=\"JJP Biologics announces initiation of the development of an active substance &#038; drug product manufacturing process for a first-in-class anti-CD270 monoclonal antibody&hellip;\" href=\"https:\/\/jjpbiologics.com\/pl\/services\/jjp-biologics-announces-initiation-of-the-development-of-an-active-substance-drug-product-manufacturing-process-for-a-first-in-class-anti-cd270-monoclonal-antibody-jjp-1008\/\" >Read More<\/a><\/div><\/div><\/div><\/div><div class=\"ultp-block-item post-id-2640\"><div class=\"ultp-block-content-wrap\"><div class=\"ultp-block-entry-content\"><div class=\"ultp-block-entry-heading\"><div class=\"ultp-category-grid ultp-category-classic ultp-category-aboveTitle\"><div class=\"ultp-category-in\"><\/div><\/div><h1 class=\"ultp-block-title\"><a href=\"https:\/\/jjpbiologics.com\/pl\/services\/jjp-biologics-announces-positive-recommendation-of-dose-escalation-committee-to-next-dose-level-of-its-ongoing-phase-i-clinical-trial-of-jjp-1212\/\" >Firma JJP Biologics uzyska\u0142a pozytywn\u0105 opini\u0119 Komisji ds. Eskalacji Dawki umo\u017cliwiaj\u0105c\u0105 przej\u015bcie do kolejnej kohorty ochotnik\u00f3w w ramach trwaj\u0105cego badania klinicznego I fazy z JJP-1212.<\/a><\/h1><\/div><\/div><div class=\"ultp-block-content\"><div class=\"ultp-block-excerpt\"><p>Firma JJP Biologics otrzyma\u0142a pozytywn\u0105 opini\u0119 Komisji ds. Eskalacji Dawki (ang. Dose Escalation Committee) dotycz\u0105c\u0105 mo\u017cliwo\u015bci podania kolejnej dawki JJP-1212 w ramach trwaj\u0105cego badania klinicznego I fazy z udzia\u0142em zdrowych ochotnik\u00f3w. Po zako\u0144czeniu cz\u0119\u015bci badania z pojedyncz\u0105 dawk\u0105 rosn\u0105c\u0105 (ang. single ascending dose, SAD)...<\/p>\n<\/div><div class=\"ultp-block-readmore\"><a aria-label=\"Firma JJP Biologics uzyska\u0142a pozytywn\u0105 opini\u0119 Komisji ds. Eskalacji Dawki umo\u017cliwiaj\u0105c\u0105 przej\u015bcie do kolejnej kohorty ochotnik\u00f3w w ramach trwaj\u0105cego badania klinicznego I fazy z JJP-1212.\" href=\"https:\/\/jjpbiologics.com\/pl\/services\/jjp-biologics-announces-positive-recommendation-of-dose-escalation-committee-to-next-dose-level-of-its-ongoing-phase-i-clinical-trial-of-jjp-1212\/\" >Read More<\/a><\/div><\/div><\/div><\/div><div class=\"ultp-block-item post-id-2611\"><div class=\"ultp-block-content-wrap\"><div class=\"ultp-block-entry-content\"><div class=\"ultp-block-entry-heading\"><div class=\"ultp-category-grid ultp-category-classic ultp-category-aboveTitle\"><div class=\"ultp-category-in\"><\/div><\/div><h1 class=\"ultp-block-title\"><a href=\"https:\/\/jjpbiologics.com\/pl\/services\/jjp-biologics-announces-positive-decision-to-execute-a-first-in-human-clinical-trial-of-anti-inflammatory-mab-jjp-1212-anti-cd89\/\" >Firma JJP Biologics uzyska\u0142a zgod\u0119 EMA na rozpocz\u0119cie badania klinicznego przeciwcia\u0142a monoklonalnego o dzia\u0142aniu przeciwzapalnym JJP-1212 (anty-CD89) na zdrowych ochotnikach.<\/a><\/h1><\/div><\/div><div class=\"ultp-block-content\"><div class=\"ultp-block-excerpt\"><p>Firma JJP Biologics otrzyma\u0142a pozytywn\u0105 opini\u0119 dotycz\u0105c\u0105 wniosku o badanie kliniczne pierwszej fazy, potencjalnie pierwszego w swojej klasie antagonisty receptora CD89. Wniosek dotyczy\u0142 przeciwcia\u0142a monoklonalnego JJP-1212, kt\u00f3rego przysz\u0142e wskazania obejmowa\u0107 b\u0119d\u0105 choroby autoimmunologiczne i zw\u0142\u00f3knieniowe zale\u017cne od IgA.<\/p>\n<\/div><div class=\"ultp-block-readmore\"><a aria-label=\"Firma JJP Biologics uzyska\u0142a zgod\u0119 EMA na rozpocz\u0119cie badania klinicznego przeciwcia\u0142a monoklonalnego o dzia\u0142aniu przeciwzapalnym JJP-1212 (anty-CD89) na zdrowych ochotnikach.\" href=\"https:\/\/jjpbiologics.com\/pl\/services\/jjp-biologics-announces-positive-decision-to-execute-a-first-in-human-clinical-trial-of-anti-inflammatory-mab-jjp-1212-anti-cd89\/\" >Read More<\/a><\/div><\/div><\/div><\/div><div class=\"ultp-block-item post-id-2560\"><div class=\"ultp-block-content-wrap\"><div class=\"ultp-block-entry-content\"><div class=\"ultp-block-entry-heading\"><div class=\"ultp-category-grid ultp-category-classic ultp-category-aboveTitle\"><div class=\"ultp-category-in\"><\/div><\/div><h1 class=\"ultp-block-title\"><a href=\"https:\/\/jjpbiologics.com\/pl\/services\/jjp-biologics-opens-its-own-research-laboratory-in-poland\/\" >JJP Biologics otwiera w\u0142asne laboratorium badawcze w Polsce<\/a><\/h1><\/div><\/div><div class=\"ultp-block-content\"><div class=\"ultp-block-excerpt\"><p>JJP Biologics przejmuje zaplecze badawczo-rozwojowe Recepton oraz wiedz\u0119 specjalistyczn\u0105 w zakresie in\u017cynierii i produkcji przeciwcia\u0142, wzmacniaj\u0105c mo\u017cliwo\u015bci R&amp;D w celu wspierania w\u0142asnych innowacyjnych projekt\u00f3w.<\/p>\n<\/div><div class=\"ultp-block-readmore\"><a aria-label=\"JJP Biologics otwiera w\u0142asne laboratorium badawcze w Polsce\" href=\"https:\/\/jjpbiologics.com\/pl\/services\/jjp-biologics-opens-its-own-research-laboratory-in-poland\/\" >Read More<\/a><\/div><\/div><\/div><\/div><\/div><div class=\"ultp-pagination-wrap ultp-pagination-ajax-action\" data-paged=\"1\" data-expost=\"\"  data-blockid=\"8f49ea\" data-postid=\"2524\" data-pages=\"2\" data-blockname=\"ultimate-post_post-list-1\" data-selfpostid=\"yes\"><ul class=\"ultp-pagination\"><li class=\"ultp-prev-page-numbers\" style=\"display:none\"><a href=\"https:\/\/jjpbiologics.com\/pl\/wp-json\/wp\/v2\/pages\/2524\/\"><svg enable-background=\"new 0 0 477.175 477.175\" version=\"1.1\" viewbox=\"0 0 477.18 477.18\"><path d=\"m145.19 238.58 215.5-215.5c5.3-5.3 5.3-13.8 0-19.1s-13.8-5.3-19.1 0l-225.1 225.1c-5.3 5.3-5.3 13.8 0 19.1l225.1 225c2.6 2.6 6.1 4 9.5 4s6.9-1.3 9.5-4c5.3-5.3 5.3-13.8 0-19.1l-215.4-215.5z\"><\/path><\/svg> Previous<\/a><\/li><li class=\"ultp-center-item pagination-active\" data-current=\"1\"><a href=\"https:\/\/jjpbiologics.com\/pl\/wp-json\/wp\/v2\/pages\/2524\/\">1<\/a><\/li><li class=\"ultp-center-item\" data-current=\"2\" ><a href=\"https:\/\/jjpbiologics.com\/pl\/wp-json\/wp\/v2\/pages\/2524\/page\/2\/\">2<\/a><\/li><li class=\"ultp-next-page-numbers\"><a href=\"https:\/\/jjpbiologics.com\/pl\/wp-json\/wp\/v2\/pages\/2524\/page\/2\/\">Next<svg enable-background=\"new 0 0 477.175 477.175\" version=\"1.1\" viewbox=\"0 0 477.18 477.18\"><path d=\"m360.73 229.08-225.1-225.1c-5.3-5.3-13.8-5.3-19.1 0s-5.3 13.8 0 19.1l215.5 215.5-215.5 215.5c-5.3 5.3-5.3 13.8 0 19.1 2.6 2.6 6.1 4 9.5 4s6.9-1.3 9.5-4l225.1-225.1c5.3-5.2 5.3-13.8 0.1-19z\"><\/path><\/svg><\/a><\/li><\/ul><\/div><\/div><\/div>\n\n\n<p><\/p>\n\n\n\n<h3 class=\"wp-block-heading has-text-color has-link-color has-large-font-size wp-elements-d7893ebdb318397ac5edd8195710e213\" style=\"color:#000a55\"><strong><mark style=\"background-color:rgba(0, 0, 0, 0);color:#000a55\" class=\"has-inline-color\">JJP BIOLOGICS NA LINKED IN<\/mark><\/strong><\/h3>\n\n\n\n<script src=\"https:\/\/static.elfsight.com\/platform\/platform.js\" async><\/script>\n<div class=\"elfsight-app-23db4c18-8f82-4604-95c9-ed40492937c9\" data-elfsight-app-lazy><\/div>","protected":false},"excerpt":{"rendered":"<p>PRESS RELEASES JJP BIOLOGICS ON LINKED IN<\/p>","protected":false},"author":990004,"featured_media":0,"parent":0,"menu_order":0,"comment_status":"closed","ping_status":"closed","template":"","meta":{"_acf_changed":false,"footnotes":""},"class_list":["post-2524","page","type-page","status-publish","hentry"],"acf":[],"yoast_head":"<!-- This site is optimized with the Yoast SEO plugin v21.7 - https:\/\/yoast.com\/wordpress\/plugins\/seo\/ -->\n<title>Newsroom - JJP Biologics<\/title>\n<meta name=\"robots\" content=\"index, follow, max-snippet:-1, max-image-preview:large, max-video-preview:-1\" \/>\n<link rel=\"canonical\" href=\"https:\/\/jjpbiologics.com\/pl\/newsroom\/\" \/>\n<meta property=\"og:locale\" content=\"pl_PL\" \/>\n<meta property=\"og:type\" content=\"article\" \/>\n<meta property=\"og:title\" content=\"Newsroom - JJP Biologics\" \/>\n<meta property=\"og:description\" content=\"PRESS RELEASES JJP BIOLOGICS ON LINKED IN\" \/>\n<meta property=\"og:url\" content=\"https:\/\/jjpbiologics.com\/pl\/newsroom\/\" \/>\n<meta property=\"og:site_name\" content=\"JJP Biologics\" \/>\n<meta property=\"article:modified_time\" content=\"2024-11-18T10:31:32+00:00\" \/>\n<meta name=\"twitter:card\" content=\"summary_large_image\" \/>\n<meta name=\"twitter:label1\" content=\"Szacowany czas czytania\" \/>\n\t<meta name=\"twitter:data1\" content=\"1 minuta\" \/>\n<script type=\"application\/ld+json\" class=\"yoast-schema-graph\">{\"@context\":\"https:\/\/schema.org\",\"@graph\":[{\"@type\":\"WebPage\",\"@id\":\"https:\/\/jjpbiologics.com\/newsroom\/\",\"url\":\"https:\/\/jjpbiologics.com\/newsroom\/\",\"name\":\"Newsroom - JJP Biologics\",\"isPartOf\":{\"@id\":\"https:\/\/jjpbiologics.com\/#website\"},\"datePublished\":\"2024-01-30T14:18:13+00:00\",\"dateModified\":\"2024-11-18T10:31:32+00:00\",\"breadcrumb\":{\"@id\":\"https:\/\/jjpbiologics.com\/newsroom\/#breadcrumb\"},\"inLanguage\":\"pl-PL\",\"potentialAction\":[{\"@type\":\"ReadAction\",\"target\":[\"https:\/\/jjpbiologics.com\/newsroom\/\"]}]},{\"@type\":\"BreadcrumbList\",\"@id\":\"https:\/\/jjpbiologics.com\/newsroom\/#breadcrumb\",\"itemListElement\":[{\"@type\":\"ListItem\",\"position\":1,\"name\":\"Home\",\"item\":\"https:\/\/jjpbiologics.com\/\"},{\"@type\":\"ListItem\",\"position\":2,\"name\":\"Newsroom\"}]},{\"@type\":\"WebSite\",\"@id\":\"https:\/\/jjpbiologics.com\/#website\",\"url\":\"https:\/\/jjpbiologics.com\/\",\"name\":\"JJP Biologics\",\"description\":\"Innovative and revolutionary biologics\",\"publisher\":{\"@id\":\"https:\/\/jjpbiologics.com\/#organization\"},\"potentialAction\":[{\"@type\":\"SearchAction\",\"target\":{\"@type\":\"EntryPoint\",\"urlTemplate\":\"https:\/\/jjpbiologics.com\/?s={search_term_string}\"},\"query-input\":\"required name=search_term_string\"}],\"inLanguage\":\"pl-PL\"},{\"@type\":\"Organization\",\"@id\":\"https:\/\/jjpbiologics.com\/#organization\",\"name\":\"JJP Biologics\",\"url\":\"https:\/\/jjpbiologics.com\/\",\"logo\":{\"@type\":\"ImageObject\",\"inLanguage\":\"pl-PL\",\"@id\":\"https:\/\/jjpbiologics.com\/#\/schema\/logo\/image\/\",\"url\":\"https:\/\/jjpbiologics.com\/wp-content\/uploads\/2021\/06\/cropped-Artboard-31.png\",\"contentUrl\":\"https:\/\/jjpbiologics.com\/wp-content\/uploads\/2021\/06\/cropped-Artboard-31.png\",\"width\":1000,\"height\":567,\"caption\":\"JJP Biologics\"},\"image\":{\"@id\":\"https:\/\/jjpbiologics.com\/#\/schema\/logo\/image\/\"}}]}<\/script>\n<!-- \/ Yoast SEO plugin. -->","yoast_head_json":{"title":"Newsroom - JJP Biologics","robots":{"index":"index","follow":"follow","max-snippet":"max-snippet:-1","max-image-preview":"max-image-preview:large","max-video-preview":"max-video-preview:-1"},"canonical":"https:\/\/jjpbiologics.com\/pl\/newsroom\/","og_locale":"pl_PL","og_type":"article","og_title":"Newsroom - JJP Biologics","og_description":"PRESS RELEASES JJP BIOLOGICS ON LINKED IN","og_url":"https:\/\/jjpbiologics.com\/pl\/newsroom\/","og_site_name":"JJP Biologics","article_modified_time":"2024-11-18T10:31:32+00:00","twitter_card":"summary_large_image","twitter_misc":{"Szacowany czas czytania":"1 minuta"},"schema":{"@context":"https:\/\/schema.org","@graph":[{"@type":"WebPage","@id":"https:\/\/jjpbiologics.com\/newsroom\/","url":"https:\/\/jjpbiologics.com\/newsroom\/","name":"Newsroom - JJP Biologics","isPartOf":{"@id":"https:\/\/jjpbiologics.com\/#website"},"datePublished":"2024-01-30T14:18:13+00:00","dateModified":"2024-11-18T10:31:32+00:00","breadcrumb":{"@id":"https:\/\/jjpbiologics.com\/newsroom\/#breadcrumb"},"inLanguage":"pl-PL","potentialAction":[{"@type":"ReadAction","target":["https:\/\/jjpbiologics.com\/newsroom\/"]}]},{"@type":"BreadcrumbList","@id":"https:\/\/jjpbiologics.com\/newsroom\/#breadcrumb","itemListElement":[{"@type":"ListItem","position":1,"name":"Home","item":"https:\/\/jjpbiologics.com\/"},{"@type":"ListItem","position":2,"name":"Newsroom"}]},{"@type":"WebSite","@id":"https:\/\/jjpbiologics.com\/#website","url":"https:\/\/jjpbiologics.com\/","name":"JJP Biologics","description":"Innovative and revolutionary biologics","publisher":{"@id":"https:\/\/jjpbiologics.com\/#organization"},"potentialAction":[{"@type":"SearchAction","target":{"@type":"EntryPoint","urlTemplate":"https:\/\/jjpbiologics.com\/?s={search_term_string}"},"query-input":"required name=search_term_string"}],"inLanguage":"pl-PL"},{"@type":"Organization","@id":"https:\/\/jjpbiologics.com\/#organization","name":"JJP Biologics","url":"https:\/\/jjpbiologics.com\/","logo":{"@type":"ImageObject","inLanguage":"pl-PL","@id":"https:\/\/jjpbiologics.com\/#\/schema\/logo\/image\/","url":"https:\/\/jjpbiologics.com\/wp-content\/uploads\/2021\/06\/cropped-Artboard-31.png","contentUrl":"https:\/\/jjpbiologics.com\/wp-content\/uploads\/2021\/06\/cropped-Artboard-31.png","width":1000,"height":567,"caption":"JJP Biologics"},"image":{"@id":"https:\/\/jjpbiologics.com\/#\/schema\/logo\/image\/"}}]}},"_links":{"self":[{"href":"https:\/\/jjpbiologics.com\/pl\/wp-json\/wp\/v2\/pages\/2524","targetHints":{"allow":["GET"]}}],"collection":[{"href":"https:\/\/jjpbiologics.com\/pl\/wp-json\/wp\/v2\/pages"}],"about":[{"href":"https:\/\/jjpbiologics.com\/pl\/wp-json\/wp\/v2\/types\/page"}],"author":[{"embeddable":true,"href":"https:\/\/jjpbiologics.com\/pl\/wp-json\/wp\/v2\/users\/990004"}],"replies":[{"embeddable":true,"href":"https:\/\/jjpbiologics.com\/pl\/wp-json\/wp\/v2\/comments?post=2524"}],"version-history":[{"count":0,"href":"https:\/\/jjpbiologics.com\/pl\/wp-json\/wp\/v2\/pages\/2524\/revisions"}],"wp:attachment":[{"href":"https:\/\/jjpbiologics.com\/pl\/wp-json\/wp\/v2\/media?parent=2524"}],"curies":[{"name":"wp","href":"https:\/\/api.w.org\/{rel}","templated":true}]}}