{"id":2502,"date":"2024-01-18T13:44:47","date_gmt":"2024-01-18T11:44:47","guid":{"rendered":"https:\/\/jjpbiologics.com\/?page_id=2502"},"modified":"2024-01-18T14:20:45","modified_gmt":"2024-01-18T12:20:45","slug":"jjpbiologics-com-cookie-policy","status":"publish","type":"page","link":"https:\/\/jjpbiologics.com\/pl\/jjpbiologics-com-cookie-policy\/","title":{"rendered":"Polityka Cookies jjpbiologics.com"},"content":{"rendered":"<div data-elementor-type=\"wp-post\" data-elementor-id=\"2502\" class=\"elementor elementor-2502\" data-elementor-settings=\"[]\">\n\t\t\t\t\t\t<div class=\"elementor-inner\">\n\t\t\t\t\t\t\t<div class=\"elementor-section-wrap\">\n\t\t\t\t\t\t\t<section class=\"elementor-section elementor-top-section elementor-element elementor-element-11968f14 elementor-section-boxed elementor-section-height-default elementor-section-height-default\" data-id=\"11968f14\" data-element_type=\"section\" data-settings=\"{&quot;background_background&quot;:&quot;classic&quot;}\">\n\t\t\t\t\t\t<div class=\"elementor-container elementor-column-gap-extended\">\n\t\t\t\t\t\t\t<div class=\"elementor-row\">\n\t\t\t\t\t<div class=\"elementor-column elementor-col-100 elementor-top-column elementor-element elementor-element-6f84036f sc_inner_width_none sc_layouts_column_icons_position_left\" data-id=\"6f84036f\" data-element_type=\"column\">\n\t\t\t<div class=\"elementor-column-wrap elementor-element-populated\">\n\t\t\t\t\t\t\t<div class=\"elementor-widget-wrap\">\n\t\t\t\t\t\t<div class=\"elementor-element elementor-element-2d4890f elementor-widget elementor-widget-trx_sc_title\" data-id=\"2d4890f\" data-element_type=\"widget\" data-widget_type=\"trx_sc_title.default\">\n\t\t\t\t<div class=\"elementor-widget-container\">\n\t\t\t<div id=\"trx_sc_title_948829780\"\r\n\t\tclass=\"sc_title sc_title_default\"><h5 class=\"sc_item_title sc_title_title sc_align_none sc_item_title_style_default sc_item_title_tag\">Polityka Cookies jjpbiologics.com<\/h5><\/div><!-- \/.sc_title -->\t\t<\/div>\n\t\t\t\t<\/div>\n\t\t\t\t<div class=\"elementor-element elementor-element-20b4a3b5 elementor-widget elementor-widget-text-editor\" data-id=\"20b4a3b5\" data-element_type=\"widget\" data-widget_type=\"text-editor.default\">\n\t\t\t\t<div class=\"elementor-widget-container\">\n\t\t\t\t\t<div class=\"elementor-text-editor elementor-clearfix\"><p>\u00a0<\/p><p>JJP Biologics Sp. z o.o. przywi\u0105zuje szczeg\u00f3ln\u0105 wag\u0119 do poszanowania prywatno\u015bci u\u017cytkownik\u00f3w odwiedzaj\u0105cych Serwis jjpbiologics.com. Gromadzone przez nas dane s\u0105 wykorzystywane wy\u0142\u0105cznie do cel\u00f3w administrowania Serwisem i zapewnienia jego poprawnego dzia\u0142ania. Nie identyfikujemy U\u017cytkownik\u00f3w, nie \u015bledzimy, jak nasi U\u017cytkownicy poruszaj\u0105 si\u0119 w Serwisie i w \u017caden inny spos\u00f3b nie d\u0105\u017cymy do zbierania danych naszych U\u017cytkownik\u00f3w. Nie umo\u017cliwiamy te\u017c pozyskiwania jakichkolwiek informacji w naszym Serwisie przez inne podmioty, poza:<\/p><ol><li>Wtyczkami LinkedIn oraz youtube.com kieruj\u0105cymi do naszego fan page \/ kana\u0142u;<br \/><br \/><\/li><li>Plikami Cookies stosowanymi przez youtube.com oraz vimeo.com, s\u0142u\u017c\u0105cymi do wy\u015bwietlania film\u00f3w zamieszczonych w Serwisie.<\/li><\/ol><p>\u00a0<\/p><p><br \/><strong>Informacje og\u00f3lne: co to s\u0105 pliki Cookie?<\/strong><\/p><p>Pliki Cookie to niewielkie pliki tekstowe wysy\u0142ane przez witryn\u0119 internetow\u0105 do przegl\u0105darki u\u017cytkownika z niej korzystaj\u0105cego. Pozwalaj\u0105 zapami\u0119ta\u0107 informacje niezb\u0119dne do funkcjonowania strony www, np. ustala lokalizacj\u0119 kraju, z kt\u00f3rego u\u017cytkownik \u0142\u0105czy si\u0119 z witryn\u0105, zapami\u0119tuje dane do logowania u\u017cytkownika po jego autoryzacji. S\u0105 to tak zwane pliki Cookie funkcjonalne, niezb\u0119dne do dzia\u0142ania danej witryny i s\u0105 stosowane przez ka\u017cd\u0105 witryn\u0119 internetow\u0105.<\/p><ul><li>JJP Biologics r\u00f3wnie\u017c stosuje niezb\u0119dne pliki Cookie w Serwisie, aby nasi U\u017cytkownicy mogli swobodnie i komfortowo zapoznawa\u0107 si\u0119 z tre\u015bciami w nim zawartymi.<\/li><\/ul><p>Pliki Cookie mog\u0105 s\u0142u\u017cy\u0107 te\u017c innym celom, np. \u015bledzeniu dzia\u0142a\u0144 u\u017cytkownika w danej witrynie, sprawdzania, sk\u0105d trafi\u0142 do witryny, je\u015bli korzysta\u0142 z linku, ustalania standardowych zachowa\u0144 u\u017cytkownika, a nawet jego preferencji, zainteresowa\u0144, prawdopodobnej p\u0142ci lub statusu spo\u0142ecznego i finansowego.<\/p><ul><li>JJP Biologics nie korzysta z \u017cadnych plik\u00f3w Cookie mog\u0105cych identyfikowa\u0107 naszych U\u017cytkownik\u00f3w. Mo\u017cemy jednak korzysta\u0107 ze statystyk odwiedzin Serwisu oraz aktywno\u015bci w Serwisie po to, a\u017ceby ulepsza\u0107 nasz Serwis i dostarcza\u0107 naszym U\u017cytkownikom interesuj\u0105cych ich tre\u015bci. Informacje statystyczne s\u0105 gromadzone i analizowane przez system s\u0142u\u017c\u0105cy nam do obs\u0142ugi Serwisu.<\/li><\/ul><p><br \/><br \/><strong>Jakie dane pozyskujemy?<\/strong><\/p><p><strong>Cookies funkcjonalne<\/strong><\/p><p>Zgodnie z przyj\u0119t\u0105 praktyk\u0105 wi\u0119kszo\u015bci serwis\u00f3w WWW, mo\u017cemy przechowa\u0107 zapytania HTTP kierowane do naszego serwera, czyli m\u00f3wi\u0105c potocznie - informacje techniczne o tym, \u017ce dane urz\u0105dzenie chce otworzy\u0107 nasz Serwis. Jest to czynno\u015b\u0107 wy\u0142\u0105cznie techniczna i odbywaj\u0105ca si\u0119 w celu umo\u017cliwienia poprawnego wy\u015bwietlania naszego Serwisu. Nie weryfikujemy informacji w ten spos\u00f3b zebranych (wyj\u0105tkiem mo\u017ce by\u0107 incydent bezpiecze\u0144stwa naszego Serwisu).<\/p><p>Przegl\u0105dane zasoby identyfikowane s\u0105 poprzez adresy URL.  Dok\u0142adny wykaz informacji przechowywanych w plikach log\u00f3w serwera WWW jest nast\u0119puj\u0105cy:<\/p><ul><li>publiczny adres IP urz\u0105dzenia U\u017cytkownika, z kt\u00f3rego wchodzi do Serwisu;<\/li><li>informacje techniczne http;<\/li><li>og\u00f3lne informacje techniczne dotycz\u0105ce przegl\u0105darki U\u017cytkownika, istotne dla poprawnego wy\u015bwietlania Serwisu;<\/li><li>informacje o b\u0142\u0119dach, jakie nast\u0105pi\u0142y przy realizacji wy\u015bwietlania tre\u015bci w Serwisie.<\/li><\/ul><p>Dane te nie s\u0105 kojarzone z konkretnymi U\u017cytkownikami. Oznacza to, \u017ce nie mamy \u017cadnych innych danych, kt\u00f3re mogliby\u015bmy po\u0142\u0105czy\u0107 i w ten spos\u00f3b potencjalnie ustali\u0107, kt\u00f3re dane techniczne dotycz\u0105 konkretnego U\u017cytkownika.<br \/>Zebrane logi przechowywane s\u0105 przez okre\u015blony czas w zwi\u0105zku z zapewnieniem dzia\u0142ania Serwisu, a nast\u0119pnie usuwane. Mo\u017ce zdarzy\u0107 si\u0119, \u017ce w przypadku incydentu bezpiecze\u0144stwa naszego Serwisu lub sieci, nasze s\u0142u\u017cby IT lub uprawnione organy nadzoru b\u0119d\u0105 weryfikowa\u0107 dane w celu ustalenia okoliczno\u015bci zdarzenia oraz jego sprawc\u00f3w. Poniewa\u017c w Serwisie nie ma opcji logowania do Konta ani opcji zakupowych, nasz Serwis nie bywa na celowniku cyberprzest\u0119pc\u00f3w, jednak dbamy o bezpiecze\u0144stwo naszej sieci IT i monitorujemy nasz\u0105 sie\u0107 na bie\u017c\u0105co.<\/p><p>Nie wykorzystujemy danych z plik\u00f3w Cookie do \u017cadnych innych cel\u00f3w.<\/p><p><strong>Wy\u015bwietlanie film\u00f3w<\/strong><\/p><p>W Serwisie zamieszczane s\u0105 filmy i materia\u0142y video, kt\u00f3re pierwotnie s\u0105 umieszczane na naszym kanale youtube.com lub poprzez vimeo.com. Oba te podmioty stosuj\u0105 pliki Cookies w celu umo\u017cliwienia naszym U\u017cytkownikom poprawne wy\u015bwietlanie film\u00f3w, bez konieczno\u015bci opuszczania naszego Serwisu.<\/p><p>Stosowane w tym celu pliki Cookies s\u0105 tymczasowe, co oznacza, \u017ce s\u0105 usuwane w momencie zako\u0144czenia korzystania z Serwisu.<\/p><p>Stosowanie tych plik\u00f3w Cookie r\u00f3wnie\u017c wi\u0105\u017ce si\u0119 z konieczno\u015bci\u0105 zapewnienia funkcjonalno\u015bci Serwisu, lecz U\u017cytkownik mo\u017ce zablokowa\u0107 ich stosowanie poprzez zmian\u0119 ustawie\u0144 swojej przegl\u0105darki. Spowoduje to jednak niedost\u0119pno\u015b\u0107 naszych tre\u015bci video zamieszczonych w Serwisie.<\/p><p><strong>Dane statystyczne<\/strong><br \/>Jak wspomnieli\u015bmy, nasz system s\u0142u\u017c\u0105cy do obs\u0142ugi Serwisu pozyskuje dane statystyczne dotycz\u0105ce odwiedzin Serwisu oraz aktywno\u015bci w Serwisie. Dane te s\u0105 pozyskiwane wy\u0142\u0105cznie poprzez ten system, a my nie kopiujemy tych danych i nie przechowujemy w swoich lokalizacjach. Mo\u017cemy jedynie zalogowa\u0107 si\u0119 do panelu administratora i tam podejrze\u0107 wyniki analiz.<\/p><p>Dane te nie umo\u017cliwiaj\u0105 ustalenia to\u017csamo\u015bci naszych U\u017cytkownik\u00f3w.<\/p><p><strong>Statystyki w Social Media<\/strong><\/p><p>Nasz fan page prowadzone na portalu LinkedIn oraz kana\u0142 na youtube.com umo\u017cliwiaj\u0105 nam wgl\u0105d w statystyki dostarczane przez dany portal. Wchodz\u0105c w panel statystyk, mamy dost\u0119p do szeregu informacji o u\u017cytkownikach danego portalu, kt\u00f3rych aktywno\u015b\u0107 wi\u0105\u017ce si\u0119 z naszym fan page\u2019m\/kana\u0142em. Otrzymujemy np. nast\u0119puj\u0105ce informacje:<\/p><ul><li>reakcje;<\/li><li>liczb\u0119 wy\u015bwietle\u0144;<\/li><li>komentarze;<\/li><li>udost\u0119pnianie;<\/li><li>aktywno\u015b\u0107 dotycz\u0105c\u0105 publikowanych tre\u015bci;<\/li><li>statystyki dotycz\u0105ce odbiorc\u00f3w;<\/li><li>klikni\u0119cia link\u00f3w.<\/li><\/ul><p>Tak jak ju\u017c wspomnieli\u015bmy, otrzymujemy te informacje w postaci statystyk dost\u0119pnych w danym portalu. Sami nie stosujemy \u017cadnych narz\u0119dzi, aby te informacje gromadzi\u0107 i analizowa\u0107.  Nie decydujemy o tym, jakie informacje i w jaki spos\u00f3b dany portal pozyskuje o swoich u\u017cytkownikach, kt\u00f3rzy jednocze\u015bnie s\u0105 naszymi U\u017cytkownikami \u2013 odwiedzaj\u0105 nasz fan page \/ kana\u0142. Nie kopiujemy tych danych, mamy do nich dost\u0119p wy\u0142\u0105cznie w panelu na portalu, na zasadach i przez czas ustalany przez portal w jego regulaminie. Nie prowadzimy \u017cadnych czynno\u015bci zmierzaj\u0105cych do ustalenia konkretnych u\u017cytkownik\u00f3w. Korzystamy ze statystyk, aby sprawdzi\u0107, jak bardzo nasze tre\u015bci okaza\u0142y si\u0119 interesuj\u0105ce dla naszych odbiorc\u00f3w i ulepsza\u0107 nasze tre\u015bci w przysz\u0142o\u015bci. <br \/>Pami\u0119taj, aby zapozna\u0107 si\u0119 z polityk\u0105 prywatno\u015bci ka\u017cdego portalu, z kt\u00f3rego korzystasz jako u\u017cytkownik.<\/p><p><strong>Wtyczki Social Media<\/strong><\/p><p>Mo\u017cemy zamieszcza\u0107 tak zwane wtyczki do naszych Social Media, czyli ma\u0142ych przycisk\u00f3w z symbolem danego portalu, kt\u00f3rego klikni\u0119cie spowoduje przeniesienie U\u017cytkownika bezpo\u015brednio do naszego fan page \/ kana\u0142u prowadzonego na danym portalu. Nasz g\u0142\u00f3wny fan page prowadziny na LinkedIn, a materia\u0142y video zamieszczamy na naszym kanale na youtube.com. Mo\u017cemy te\u017c by\u0107 aktywni w innych Social Media. <br \/>We are responsible for posting the plug-in on the Service, i.e. allowing it to operate on the Website. We do not have access to any plug-in data, nor do we have the ability to interfere with the way the plug-in works. We are aware that some portals use their cookies in their plug-in mechanisms.<\/p><p>\u00a0<\/p><p><strong>Zmiany<\/strong><\/p><p>W przypadku zmiany obowi\u0105zuj\u0105cej Polityki Cookies, poinformujemy o tym wszystkich naszych U\u017cytkownik\u00f3w poprzez ponowne wy\u015bwietlenie banneru Cookies przy pierwszym wej\u015bciu do Serwisu po wprowadzeniu zmian.<br \/>W razie jakiejkolwiek potrzeby mo\u017cesz skontaktowa\u0107 si\u0119 z naszym Koordynatorem ds. RODO. kt\u00f3ry udziela informacji r\u00f3wnie\u017c w zakresie stosowania plik\u00f3w Cookie w Serwisie. W tym celu wy\u015blij zapytanie na e-mail: rodo@jjpbiologics.com. <br \/><br \/><\/p><\/div>\n\t\t\t\t<\/div>\n\t\t\t\t<\/div>\n\t\t\t\t\t\t<\/div>\n\t\t\t\t\t<\/div>\n\t\t<\/div>\n\t\t\t\t\t\t\t\t<\/div>\n\t\t\t\t\t<\/div>\n\t\t<\/section>\n\t\t\t\t\t\t<\/div>\n\t\t\t\t\t\t<\/div>\n\t\t\t\t\t<\/div>","protected":false},"excerpt":{"rendered":"<p>jjpbiologics.com Cookie Policy \u00a0 JJP Biologics Sp. z o.o. attaches particular importance to respecting the privacy of Users of the&hellip;<\/p>","protected":false},"author":990005,"featured_media":0,"parent":0,"menu_order":0,"comment_status":"closed","ping_status":"closed","template":"","meta":{"_acf_changed":false,"footnotes":""},"class_list":["post-2502","page","type-page","status-publish","hentry"],"acf":[],"yoast_head":"<!-- This site is optimized with the Yoast SEO plugin v21.7 - https:\/\/yoast.com\/wordpress\/plugins\/seo\/ -->\n<title>jjpbiologics.com Cookie Policy - JJP Biologics<\/title>\n<meta name=\"robots\" content=\"index, follow, max-snippet:-1, max-image-preview:large, max-video-preview:-1\" \/>\n<link rel=\"canonical\" href=\"https:\/\/jjpbiologics.com\/pl\/jjpbiologics-com-cookie-policy\/\" \/>\n<meta property=\"og:locale\" content=\"pl_PL\" \/>\n<meta property=\"og:type\" content=\"article\" \/>\n<meta property=\"og:title\" content=\"jjpbiologics.com Cookie Policy - JJP Biologics\" \/>\n<meta property=\"og:description\" content=\"jjpbiologics.com Cookie Policy \u00a0 JJP Biologics Sp. z o.o. attaches particular importance to respecting the privacy of Users of the&hellip;\" \/>\n<meta property=\"og:url\" content=\"https:\/\/jjpbiologics.com\/pl\/jjpbiologics-com-cookie-policy\/\" \/>\n<meta property=\"og:site_name\" content=\"JJP Biologics\" \/>\n<meta property=\"article:modified_time\" content=\"2024-01-18T12:20:45+00:00\" \/>\n<meta name=\"twitter:card\" content=\"summary_large_image\" \/>\n<meta name=\"twitter:label1\" content=\"Szacowany czas czytania\" \/>\n\t<meta name=\"twitter:data1\" content=\"6 minut\" \/>\n<script type=\"application\/ld+json\" class=\"yoast-schema-graph\">{\"@context\":\"https:\/\/schema.org\",\"@graph\":[{\"@type\":\"WebPage\",\"@id\":\"https:\/\/jjpbiologics.com\/jjpbiologics-com-cookie-policy\/\",\"url\":\"https:\/\/jjpbiologics.com\/jjpbiologics-com-cookie-policy\/\",\"name\":\"jjpbiologics.com Cookie Policy - JJP Biologics\",\"isPartOf\":{\"@id\":\"https:\/\/jjpbiologics.com\/#website\"},\"datePublished\":\"2024-01-18T11:44:47+00:00\",\"dateModified\":\"2024-01-18T12:20:45+00:00\",\"breadcrumb\":{\"@id\":\"https:\/\/jjpbiologics.com\/jjpbiologics-com-cookie-policy\/#breadcrumb\"},\"inLanguage\":\"pl-PL\",\"potentialAction\":[{\"@type\":\"ReadAction\",\"target\":[\"https:\/\/jjpbiologics.com\/jjpbiologics-com-cookie-policy\/\"]}]},{\"@type\":\"BreadcrumbList\",\"@id\":\"https:\/\/jjpbiologics.com\/jjpbiologics-com-cookie-policy\/#breadcrumb\",\"itemListElement\":[{\"@type\":\"ListItem\",\"position\":1,\"name\":\"Home\",\"item\":\"https:\/\/jjpbiologics.com\/\"},{\"@type\":\"ListItem\",\"position\":2,\"name\":\"jjpbiologics.com Cookie Policy\"}]},{\"@type\":\"WebSite\",\"@id\":\"https:\/\/jjpbiologics.com\/#website\",\"url\":\"https:\/\/jjpbiologics.com\/\",\"name\":\"JJP Biologics\",\"description\":\"Innovative and revolutionary biologics\",\"publisher\":{\"@id\":\"https:\/\/jjpbiologics.com\/#organization\"},\"potentialAction\":[{\"@type\":\"SearchAction\",\"target\":{\"@type\":\"EntryPoint\",\"urlTemplate\":\"https:\/\/jjpbiologics.com\/?s={search_term_string}\"},\"query-input\":\"required name=search_term_string\"}],\"inLanguage\":\"pl-PL\"},{\"@type\":\"Organization\",\"@id\":\"https:\/\/jjpbiologics.com\/#organization\",\"name\":\"JJP Biologics\",\"url\":\"https:\/\/jjpbiologics.com\/\",\"logo\":{\"@type\":\"ImageObject\",\"inLanguage\":\"pl-PL\",\"@id\":\"https:\/\/jjpbiologics.com\/#\/schema\/logo\/image\/\",\"url\":\"https:\/\/jjpbiologics.com\/wp-content\/uploads\/2021\/06\/cropped-Artboard-31.png\",\"contentUrl\":\"https:\/\/jjpbiologics.com\/wp-content\/uploads\/2021\/06\/cropped-Artboard-31.png\",\"width\":1000,\"height\":567,\"caption\":\"JJP Biologics\"},\"image\":{\"@id\":\"https:\/\/jjpbiologics.com\/#\/schema\/logo\/image\/\"}}]}<\/script>\n<!-- \/ Yoast SEO plugin. -->","yoast_head_json":{"title":"jjpbiologics.com Cookie Policy - JJP Biologics","robots":{"index":"index","follow":"follow","max-snippet":"max-snippet:-1","max-image-preview":"max-image-preview:large","max-video-preview":"max-video-preview:-1"},"canonical":"https:\/\/jjpbiologics.com\/pl\/jjpbiologics-com-cookie-policy\/","og_locale":"pl_PL","og_type":"article","og_title":"jjpbiologics.com Cookie Policy - JJP Biologics","og_description":"jjpbiologics.com Cookie Policy \u00a0 JJP Biologics Sp. z o.o. attaches particular importance to respecting the privacy of Users of the&hellip;","og_url":"https:\/\/jjpbiologics.com\/pl\/jjpbiologics-com-cookie-policy\/","og_site_name":"JJP Biologics","article_modified_time":"2024-01-18T12:20:45+00:00","twitter_card":"summary_large_image","twitter_misc":{"Szacowany czas czytania":"6 minut"},"schema":{"@context":"https:\/\/schema.org","@graph":[{"@type":"WebPage","@id":"https:\/\/jjpbiologics.com\/jjpbiologics-com-cookie-policy\/","url":"https:\/\/jjpbiologics.com\/jjpbiologics-com-cookie-policy\/","name":"jjpbiologics.com Cookie Policy - JJP Biologics","isPartOf":{"@id":"https:\/\/jjpbiologics.com\/#website"},"datePublished":"2024-01-18T11:44:47+00:00","dateModified":"2024-01-18T12:20:45+00:00","breadcrumb":{"@id":"https:\/\/jjpbiologics.com\/jjpbiologics-com-cookie-policy\/#breadcrumb"},"inLanguage":"pl-PL","potentialAction":[{"@type":"ReadAction","target":["https:\/\/jjpbiologics.com\/jjpbiologics-com-cookie-policy\/"]}]},{"@type":"BreadcrumbList","@id":"https:\/\/jjpbiologics.com\/jjpbiologics-com-cookie-policy\/#breadcrumb","itemListElement":[{"@type":"ListItem","position":1,"name":"Home","item":"https:\/\/jjpbiologics.com\/"},{"@type":"ListItem","position":2,"name":"jjpbiologics.com Cookie Policy"}]},{"@type":"WebSite","@id":"https:\/\/jjpbiologics.com\/#website","url":"https:\/\/jjpbiologics.com\/","name":"JJP Biologics","description":"Innovative and revolutionary biologics","publisher":{"@id":"https:\/\/jjpbiologics.com\/#organization"},"potentialAction":[{"@type":"SearchAction","target":{"@type":"EntryPoint","urlTemplate":"https:\/\/jjpbiologics.com\/?s={search_term_string}"},"query-input":"required name=search_term_string"}],"inLanguage":"pl-PL"},{"@type":"Organization","@id":"https:\/\/jjpbiologics.com\/#organization","name":"JJP Biologics","url":"https:\/\/jjpbiologics.com\/","logo":{"@type":"ImageObject","inLanguage":"pl-PL","@id":"https:\/\/jjpbiologics.com\/#\/schema\/logo\/image\/","url":"https:\/\/jjpbiologics.com\/wp-content\/uploads\/2021\/06\/cropped-Artboard-31.png","contentUrl":"https:\/\/jjpbiologics.com\/wp-content\/uploads\/2021\/06\/cropped-Artboard-31.png","width":1000,"height":567,"caption":"JJP Biologics"},"image":{"@id":"https:\/\/jjpbiologics.com\/#\/schema\/logo\/image\/"}}]}},"_links":{"self":[{"href":"https:\/\/jjpbiologics.com\/pl\/wp-json\/wp\/v2\/pages\/2502","targetHints":{"allow":["GET"]}}],"collection":[{"href":"https:\/\/jjpbiologics.com\/pl\/wp-json\/wp\/v2\/pages"}],"about":[{"href":"https:\/\/jjpbiologics.com\/pl\/wp-json\/wp\/v2\/types\/page"}],"author":[{"embeddable":true,"href":"https:\/\/jjpbiologics.com\/pl\/wp-json\/wp\/v2\/users\/990005"}],"replies":[{"embeddable":true,"href":"https:\/\/jjpbiologics.com\/pl\/wp-json\/wp\/v2\/comments?post=2502"}],"version-history":[{"count":0,"href":"https:\/\/jjpbiologics.com\/pl\/wp-json\/wp\/v2\/pages\/2502\/revisions"}],"wp:attachment":[{"href":"https:\/\/jjpbiologics.com\/pl\/wp-json\/wp\/v2\/media?parent=2502"}],"curies":[{"name":"wp","href":"https:\/\/api.w.org\/{rel}","templated":true}]}}